{"id":1511,"date":"2025-12-10T13:31:08","date_gmt":"2025-12-10T13:31:08","guid":{"rendered":"https:\/\/imessina.it\/privacy-policy\/"},"modified":"2026-04-13T13:54:20","modified_gmt":"2026-04-13T13:54:20","slug":"privacy-policy","status":"publish","type":"page","link":"https:\/\/imessina.it\/it\/privacy-policy\/","title":{"rendered":"Privacy Policy"},"content":{"rendered":"\n<h2>INFORMATIVA PRIVACY SITO WEB<\/h2>\n\n<p><strong>Ignazio Messina &amp; C. S.p.A. <\/strong>con sede in via G. D\u2019Annunzio 91, 16121, (il <strong>\u201cTitolare\u201d<\/strong>), fornisce la presente informativa agli utenti del proprio sito internet (insieme <strong>\u201cInteressati\u201d<\/strong>), conformemente a quanto richiesto dall\u2019art. 13 dal Regolamento 2016\/679 (<strong>GDPR<\/strong>).<\/p>\n\n<h3>Interessati e categorie di dati trattati<\/h3>\n\n<p>Nell\u2019ambito dell\u2019utilizzo del sito Internet, i trattamenti che sono effettuati riguardano gli Utenti, ossia coloro che navigano sul sito Internet di <strong>Ignazio Messina &amp; C. S.p.A.<\/strong><\/p>\n\n<p> I dati oggetto di trattamento sono i seguenti:<\/p>\n\n<p><ol>&#13;\n \t<li>Nome, cognome, indirizzo e-mail (\u201cdati di contratto\u201d), nonch\u00e9 ogni informazione inserita all\u2019interno del form presente sul sito, tramite cui l\u2019interessato invia il proprio messaggio, si registra all\u2019area riservata o prenota una visita presso le sedi dell\u2019azienda;<\/li>&#13;\n \t<li>Dati relativi alla navigazione, quali indirizzo IP e cookies.<\/li>&#13;\n<\/ol><\/p>\n\n<p>Si precisa sin da subito che il Titolare fa ricorso esclusivamente a cookie tecnici per garantire il regolare funzionamento del sito nonch\u00e9 a cookie analitici assimilabili ai cookie tecnici. Questi ultimi sono definiti cookie di c.d. terza parte poich\u00e9 non sono installati dal Titolare, bens\u00ec dal fornitore del sito. Non \u00e8 effettuata alcuna attivit\u00e0 di analisi o profilazione che abbia ad oggetto i dati personali dell\u2019Utente in maniera tale da identificarlo o renderlo identificabile.<\/p>\n\n<h3>Finalit\u00e0 e base giuridica del trattamento<\/h3>\n\n<p>I dati di cui al punto A.1. sono trattati per fornire riscontro alle richieste di contatto che l\u2019Utente invia alla Societ\u00e0, come ad esempio richieste di informazioni o di assegnazione di credenziali di accesso ad aree riservate del sito. Pertanto, il trattamento \u00e8 legittimo poich\u00e9 trova la propria base giuridica nell\u2019art. 6, par. 1, lett. b) del GDPR; il trattamento, infatti, avviene per l\u2019<strong>esecuzione di misure precontrattuali su richiesta dell\u2019interessato<\/strong>. In aggiunta, il trattamento \u00e8 svolto per perseguire il <strong>legittimo interesse<\/strong> del Titolare a fornire riscontro all\u2019Utente che ha provveduto a contattarlo, o a difendersi in giudizio ex art. 6, par. 1, lett. f) GDPR.<br\/><br\/>I dati di cui al punto A.2. sono trattati per garantire il regolare funzionamento del sito Internet e permettere all\u2019Utente di navigare; i cookie analitici assimilabili ai cookie tecnici installati sul sito Internet sono tali perch\u00e9 sono raccolti in forma anonima e aggregata per consentire di analizzare il traffico sul sito Internet e migliorare la fruizione dello stesso. Pertanto, il trattamento \u00e8 fondato sul legittimo interesse del Titolare o di terzi ex art. 6, par. 1, lett. f) GDPR.<\/p>\n\n<p>Gli stessi dati saranno trattati altres\u00ec\u2019, se necessario per adempiere ad <strong>obblighi di legge<\/strong> (art. 6 c. 1 lett c) del GDPR).<\/p>\n\n<h3>Categorie di soggetti ai quali i dati personali possono essere comunicati e ambito di diffusione<\/h3>\n\n<p>Nei limiti strettamente pertinenti agli obblighi, ai compiti o alle finalit\u00e0 sopra indicate i dati personali potranno essere conosciuti da enti pubblici per adempimenti di legge e da societ\u00e0 che svolgono, per conto del Titolare , attivit\u00e0 ausiliarie come agenzie viaggi, alberghi, consulenti legali, fiscali, informatici o di altra tipologia, fornitori di logistica, merci, servizi di noleggio, formazione, servizi bancari, che, se del caso, sono nominati responsabili del trattamento dei dati ai sensi dell\u2019art. 28 del <strong>GDPR<\/strong>.<br\/><br\/>Salvo quanto precisato nel paragrafo precedente, i dati personali saranno trattati esclusivamente da dipendenti e\/o collaboratori della Societ\u00e0, formalmente autorizzati al trattamento a sensi dell\u2019art. 29 del <strong>GDPR<\/strong>, nel rispetto di quanto previsto dalla legge anche con riguardo alle misure di sicurezza a protezione e salvaguardia dei dati.<\/p>\n\n<h3>Trasferimento extra-UE<\/h3>\n\n<p>I dati degli Utenti non saranno oggetto di trasferimento al di fuori dell\u2019Unione Europea; tuttavia, laddove ci\u00f2 dovesse rendersi necessario, il <strong>Titolare<\/strong> si impegna fin da ora al rispetto delle condizioni di cui al Capo V del <strong>GDPR<\/strong>.<\/p>\n\n<h3>Periodo di conservazione dei dati personali<\/h3>\n\n<p>Qualora non fosse finalizzato il rapporto contrattuale con il Titolare i dati personali saranno cancellati. Altrimenti, i dati di cui al punto A.1 saranno conservati per le finalit\u00e0 indicate al paragrafo B per un periodo non superiore a quello necessario per adempiere agli obblighi o ai compiti previsti dalla legge, da regolamenti o da previsioni contrattuali, tenuto conto dei periodi di prescrizione. I dati personali il cui trattamento sia necessario per tutelarsi in giudizio saranno trattati sin tanto che non si sia esaurita la predetta finalit\u00e0 (es. sino al passaggio in giudicato della decisione).<\/p>\n\n<h3>Diritti degli Interessati<\/h3>\n\n<p>Informiamo gli Interessati che, ai sensi del GDPR e nei casi previsti da quest\u2019ultimo, possono esercitare i diritti di seguito descritti scrivendo all\u2019indirizzo: <a href=\"mailto:legal@messinaline.it\">legal@messinaline.it<\/a>:<\/p>\n\n<p>Innanzitutto, possono chiedere al Titolare l\u2019accesso ai propri dati personali al fine di ottenere le informazioni di cui all\u2019art. 15 del GDPR. Inoltre, possono chiedere l\u2019aggiornamento di dati obsoleti, la rettifica dei dati inesatti (art. 16 GDPR), la cancellazione dei dati nei casi previsti dall\u2019art. 17 del GDPR, la limitazione del loro trattamento (art. 18 GDPR) o possono opporsi al trattamento dei dati (art. 21 GDPR); gli Interessati hanno anche il diritto di ricevere tali dati personali in un formato strutturato, di uso comune e leggibile da dispositivo automatico e di trasmetterli ad un altro titolare senza impedimenti (cosiddetto \u201cdiritto alla portabilit\u00e0\u201d dei dati di cui all\u2019art. 20 GDPR). Infine, hanno il diritto di proporre reclamo all\u2019Autorit\u00e0 Garante per la Protezione dei Dati Personali secondo le modalit\u00e0 di legge (per maggiori informazioni si prega di visitare il sito <a href=\"https:\/\/www.garanteprivacy.it\/\">www.garanteprivacy.it<\/a>).<\/p>\n\n<p><\/p>\n","protected":false},"excerpt":{"rendered":"<p>INFORMATIVA PRIVACY SITO WEB Ignazio Messina &amp; C. S.p.A. con sede in via G. D\u2019Annunzio 91, 16121, (il \u201cTitolare\u201d), fornisce la presente informativa agli utenti del proprio sito internet (insieme \u201cInteressati\u201d), conformemente a quanto richiesto dall\u2019art. 13 dal Regolamento 2016\/679 (GDPR). Interessati e categorie di dati trattati Nell\u2019ambito dell\u2019utilizzo del sito Internet, i trattamenti che [&hellip;]<\/p>\n","protected":false},"author":1,"featured_media":0,"parent":0,"menu_order":2,"comment_status":"closed","ping_status":"closed","template":"templates\/privacy.php","meta":{"_acf_changed":false,"inline_featured_image":false,"footnotes":""},"class_list":["post-1511","page","type-page","status-publish","hentry"],"acf":[],"yoast_head":"<!-- This site is optimized with the Yoast SEO plugin v27.2 - https:\/\/yoast.com\/product\/yoast-seo-wordpress\/ -->\n<title>Privacy Policy - Ignazio Messina &amp; C. S.p.A.<\/title>\n<meta name=\"robots\" content=\"index, follow, max-snippet:-1, max-image-preview:large, max-video-preview:-1\" \/>\n<link rel=\"canonical\" href=\"https:\/\/imessina.it\/privacy-policy\/\" \/>\n<meta property=\"og:locale\" content=\"it_IT\" \/>\n<meta property=\"og:type\" content=\"article\" \/>\n<meta property=\"og:title\" content=\"Privacy Policy - Ignazio Messina &amp; C. S.p.A.\" \/>\n<meta property=\"og:description\" content=\"INFORMATIVA PRIVACY SITO WEB Ignazio Messina &amp; C. S.p.A. con sede in via G. D\u2019Annunzio 91, 16121, (il \u201cTitolare\u201d), fornisce la presente informativa agli utenti del proprio sito internet (insieme \u201cInteressati\u201d), conformemente a quanto richiesto dall\u2019art. 13 dal Regolamento 2016\/679 (GDPR). Interessati e categorie di dati trattati Nell\u2019ambito dell\u2019utilizzo del sito Internet, i trattamenti che [&hellip;]\" \/>\n<meta property=\"og:url\" content=\"https:\/\/imessina.it\/privacy-policy\/\" \/>\n<meta property=\"og:site_name\" content=\"Ignazio Messina &amp; C. S.p.A.\" \/>\n<meta property=\"article:modified_time\" content=\"2026-04-13T13:54:20+00:00\" \/>\n<meta property=\"og:image\" content=\"https:\/\/imessina.it\/wp-content\/uploads\/2025\/12\/IgnazioMessinaeC.jpg\" \/>\n\t<meta property=\"og:image:width\" content=\"1200\" \/>\n\t<meta property=\"og:image:height\" content=\"630\" \/>\n\t<meta property=\"og:image:type\" content=\"image\/jpeg\" \/>\n<meta name=\"twitter:card\" content=\"summary_large_image\" \/>\n<meta name=\"twitter:label1\" content=\"Tempo di lettura stimato\" \/>\n\t<meta name=\"twitter:data1\" content=\"4 minuti\" \/>\n<script type=\"application\/ld+json\" class=\"yoast-schema-graph\">{\"@context\":\"https:\/\/schema.org\",\"@graph\":[{\"@type\":\"WebPage\",\"@id\":\"https:\/\/imessina.it\/privacy-policy\/\",\"url\":\"https:\/\/imessina.it\/privacy-policy\/\",\"name\":\"Privacy Policy - Ignazio Messina &amp; C. S.p.A.\",\"isPartOf\":{\"@id\":\"https:\/\/imessina.it\/#website\"},\"datePublished\":\"2025-12-10T13:31:08+00:00\",\"dateModified\":\"2026-04-13T13:54:20+00:00\",\"breadcrumb\":{\"@id\":\"https:\/\/imessina.it\/privacy-policy\/#breadcrumb\"},\"inLanguage\":\"it-IT\",\"potentialAction\":[{\"@type\":\"ReadAction\",\"target\":[\"https:\/\/imessina.it\/privacy-policy\/\"]}]},{\"@type\":\"BreadcrumbList\",\"@id\":\"https:\/\/imessina.it\/privacy-policy\/#breadcrumb\",\"itemListElement\":[{\"@type\":\"ListItem\",\"position\":1,\"name\":\"Home\",\"item\":\"https:\/\/imessina.it\/it\/\"},{\"@type\":\"ListItem\",\"position\":2,\"name\":\"Privacy Policy\"}]},{\"@type\":\"WebSite\",\"@id\":\"https:\/\/imessina.it\/#website\",\"url\":\"https:\/\/imessina.it\/\",\"name\":\"Ignazio Messina & C. S.p.A.\",\"description\":\"Full steam ahead, since 1921.\",\"publisher\":{\"@id\":\"https:\/\/imessina.it\/#organization\"},\"potentialAction\":[{\"@type\":\"SearchAction\",\"target\":{\"@type\":\"EntryPoint\",\"urlTemplate\":\"https:\/\/imessina.it\/?s={search_term_string}\"},\"query-input\":{\"@type\":\"PropertyValueSpecification\",\"valueRequired\":true,\"valueName\":\"search_term_string\"}}],\"inLanguage\":\"it-IT\"},{\"@type\":\"Organization\",\"@id\":\"https:\/\/imessina.it\/#organization\",\"name\":\"Ignazio Messina & C. S.p.A.\",\"url\":\"https:\/\/imessina.it\/\",\"logo\":{\"@type\":\"ImageObject\",\"inLanguage\":\"it-IT\",\"@id\":\"https:\/\/imessina.it\/#\/schema\/logo\/image\/\",\"url\":\"\/wp-content\/uploads\/2025\/11\/Logo-Ignazio-Messina-C.svg\",\"contentUrl\":\"\/wp-content\/uploads\/2025\/11\/Logo-Ignazio-Messina-C.svg\",\"width\":272,\"height\":41,\"caption\":\"Ignazio Messina & C. S.p.A.\"},\"image\":{\"@id\":\"https:\/\/imessina.it\/#\/schema\/logo\/image\/\"}}]}<\/script>\n<!-- \/ Yoast SEO plugin. -->","yoast_head_json":{"title":"Privacy Policy - Ignazio Messina &amp; C. S.p.A.","robots":{"index":"index","follow":"follow","max-snippet":"max-snippet:-1","max-image-preview":"max-image-preview:large","max-video-preview":"max-video-preview:-1"},"canonical":"https:\/\/imessina.it\/privacy-policy\/","og_locale":"it_IT","og_type":"article","og_title":"Privacy Policy - Ignazio Messina &amp; C. S.p.A.","og_description":"INFORMATIVA PRIVACY SITO WEB Ignazio Messina &amp; C. S.p.A. con sede in via G. D\u2019Annunzio 91, 16121, (il \u201cTitolare\u201d), fornisce la presente informativa agli utenti del proprio sito internet (insieme \u201cInteressati\u201d), conformemente a quanto richiesto dall\u2019art. 13 dal Regolamento 2016\/679 (GDPR). Interessati e categorie di dati trattati Nell\u2019ambito dell\u2019utilizzo del sito Internet, i trattamenti che [&hellip;]","og_url":"https:\/\/imessina.it\/privacy-policy\/","og_site_name":"Ignazio Messina &amp; C. S.p.A.","article_modified_time":"2026-04-13T13:54:20+00:00","og_image":[{"width":1200,"height":630,"url":"https:\/\/imessina.it\/wp-content\/uploads\/2025\/12\/IgnazioMessinaeC.jpg","type":"image\/jpeg"}],"twitter_card":"summary_large_image","twitter_misc":{"Tempo di lettura stimato":"4 minuti"},"schema":{"@context":"https:\/\/schema.org","@graph":[{"@type":"WebPage","@id":"https:\/\/imessina.it\/privacy-policy\/","url":"https:\/\/imessina.it\/privacy-policy\/","name":"Privacy Policy - Ignazio Messina &amp; C. S.p.A.","isPartOf":{"@id":"https:\/\/imessina.it\/#website"},"datePublished":"2025-12-10T13:31:08+00:00","dateModified":"2026-04-13T13:54:20+00:00","breadcrumb":{"@id":"https:\/\/imessina.it\/privacy-policy\/#breadcrumb"},"inLanguage":"it-IT","potentialAction":[{"@type":"ReadAction","target":["https:\/\/imessina.it\/privacy-policy\/"]}]},{"@type":"BreadcrumbList","@id":"https:\/\/imessina.it\/privacy-policy\/#breadcrumb","itemListElement":[{"@type":"ListItem","position":1,"name":"Home","item":"https:\/\/imessina.it\/it\/"},{"@type":"ListItem","position":2,"name":"Privacy Policy"}]},{"@type":"WebSite","@id":"https:\/\/imessina.it\/#website","url":"https:\/\/imessina.it\/","name":"Ignazio Messina & C. S.p.A.","description":"Full steam ahead, since 1921.","publisher":{"@id":"https:\/\/imessina.it\/#organization"},"potentialAction":[{"@type":"SearchAction","target":{"@type":"EntryPoint","urlTemplate":"https:\/\/imessina.it\/?s={search_term_string}"},"query-input":{"@type":"PropertyValueSpecification","valueRequired":true,"valueName":"search_term_string"}}],"inLanguage":"it-IT"},{"@type":"Organization","@id":"https:\/\/imessina.it\/#organization","name":"Ignazio Messina & C. S.p.A.","url":"https:\/\/imessina.it\/","logo":{"@type":"ImageObject","inLanguage":"it-IT","@id":"https:\/\/imessina.it\/#\/schema\/logo\/image\/","url":"\/wp-content\/uploads\/2025\/11\/Logo-Ignazio-Messina-C.svg","contentUrl":"\/wp-content\/uploads\/2025\/11\/Logo-Ignazio-Messina-C.svg","width":272,"height":41,"caption":"Ignazio Messina & C. S.p.A."},"image":{"@id":"https:\/\/imessina.it\/#\/schema\/logo\/image\/"}}]}},"_links":{"self":[{"href":"https:\/\/imessina.it\/it\/wp-json\/wp\/v2\/pages\/1511","targetHints":{"allow":["GET"]}}],"collection":[{"href":"https:\/\/imessina.it\/it\/wp-json\/wp\/v2\/pages"}],"about":[{"href":"https:\/\/imessina.it\/it\/wp-json\/wp\/v2\/types\/page"}],"author":[{"embeddable":true,"href":"https:\/\/imessina.it\/it\/wp-json\/wp\/v2\/users\/1"}],"replies":[{"embeddable":true,"href":"https:\/\/imessina.it\/it\/wp-json\/wp\/v2\/comments?post=1511"}],"version-history":[{"count":3,"href":"https:\/\/imessina.it\/it\/wp-json\/wp\/v2\/pages\/1511\/revisions"}],"predecessor-version":[{"id":1953,"href":"https:\/\/imessina.it\/it\/wp-json\/wp\/v2\/pages\/1511\/revisions\/1953"}],"wp:attachment":[{"href":"https:\/\/imessina.it\/it\/wp-json\/wp\/v2\/media?parent=1511"}],"curies":[{"name":"wp","href":"https:\/\/api.w.org\/{rel}","templated":true}]}}